{"id":658,"date":"2022-02-20T05:44:47","date_gmt":"2022-02-20T05:44:47","guid":{"rendered":"https:\/\/startersites.io\/stagingthree\/?page_id=658"},"modified":"2025-11-08T21:01:32","modified_gmt":"2025-11-08T21:01:32","slug":"contact","status":"publish","type":"page","link":"https:\/\/muglatelcit.com\/index.php\/contact\/","title":{"rendered":"\u0130LET\u0130\u015e\u0130M"},"content":{"rendered":"\n<div class=\"wp-block-stackable-spacer stk-block-spacer stk--no-padding stk-block stk-6090630\" data-block-id=\"6090630\"><style>.stk-6090630 {height:23px !important;}@media screen and (max-width:999px){.stk-6090630 {height:80px !important;}}<\/style><\/div>\n\n\n\n<div class=\"wp-block-stackable-heading stk-block-heading stk-block-heading--v2 stk-block stk-41f6f5a\" id=\"bize-hemen-ulasin\" data-block-id=\"41f6f5a\"><style>.stk-41f6f5a {margin-bottom:16px !important;}.stk-41f6f5a .stk-block-heading__text{line-height:1.2em !important;}<\/style><h2 class=\"stk-block-heading__text has-text-align-center\">B\u0130ZE HEMEN ULA\u015eIN<\/h2><\/div>\n\n\n\n<div class=\"wp-block-stackable-spacer stk-block-spacer stk--no-padding stk-block stk-54e71a5\" data-block-id=\"54e71a5\"><style>.stk-54e71a5 {height:14px !important;}@media screen and (max-width:999px){.stk-54e71a5 {height:50px !important;}}<\/style><\/div>\n\n\n\n<div class=\"wp-block-stackable-columns stk-block-columns stk-block stk-a5bc981\" data-block-id=\"a5bc981\"><style>.stk-a5bc981 {margin-bottom:0px !important;}.stk-a5bc981-column{--stk-column-gap:35px !important;row-gap:50px !important;}<\/style><div class=\"stk-row stk-inner-blocks stk-block-content stk-content-align stk-a5bc981-column\">\n<div class=\"wp-block-stackable-column stk-block-column stk-column stk-block stk-622c7a4 stk-block-background\" data-v=\"4\" data-block-id=\"622c7a4\"><style>.stk-622c7a4-container{margin-top:0px !important;margin-right:0px !important;margin-bottom:0px !important;margin-left:0px !important;}.stk-622c7a4 {background-color:var(--theme-palette-color-8, #ffffff) !important;border-radius:12px !important;overflow:hidden !important;box-shadow:0px 20px 80px 0px #6872791a !important;padding-top:35px !important;padding-right:35px !important;padding-bottom:50px !important;padding-left:35px !important;}.stk-622c7a4:before{background-color:var(--theme-palette-color-8, #ffffff) !important;}@media screen and (max-width:999px){.stk-622c7a4 {padding-top:35px !important;padding-right:35px !important;padding-bottom:35px !important;padding-left:35px !important;}}<\/style><div class=\"stk-column-wrapper stk-block-column__content stk-container stk-622c7a4-container stk--no-background stk--no-padding\"><div class=\"has-text-align-center stk-block-content stk-inner-blocks stk-622c7a4-inner-blocks\">\n<div class=\"wp-block-stackable-icon stk-block-icon has-text-align-center stk-block stk-ea85267\" data-block-id=\"ea85267\"><style>.stk-ea85267 {margin-bottom:25px !important;}.stk-ea85267 .stk--svg-wrapper .stk--inner-svg svg:last-child{height:30px !important;width:30px !important;}.stk-ea85267 .stk--svg-wrapper .stk--inner-svg svg:last-child, .stk-ea85267 .stk--svg-wrapper .stk--inner-svg svg:last-child :is(g, path, rect, polygon, ellipse){fill:var(--theme-palette-color-2, #f7b500) !important;}<\/style><span class=\"stk--svg-wrapper\"><div class=\"stk--inner-svg\"><svg style=\"height:0;width:0\"><defs><linearGradient id=\"linear-gradient-ea85267\" x1=\"0\" x2=\"100%\" y1=\"0\" y2=\"0\"><stop offset=\"0%\" style=\"stop-opacity:1;stop-color:var(--linear-gradient-ea-85267-color-1)\"><\/stop><stop offset=\"100%\" style=\"stop-opacity:1;stop-color:var(--linear-gradient-ea-85267-color-2)\"><\/stop><\/linearGradient><\/defs><\/svg><svg aria-hidden=\"true\" focusable=\"false\" data-prefix=\"fas\" data-icon=\"map-marker-alt\" class=\"svg-inline--fa fa-map-marker-alt fa-w-12\" xmlns=\"http:\/\/www.w3.org\/2000\/svg\" viewBox=\"0 0 384 512\" width=\"32\" height=\"32\"><path fill=\"currentColor\" d=\"M172.268 501.67C26.97 291.031 0 269.413 0 192 0 85.961 85.961 0 192 0s192 85.961 192 192c0 77.413-26.97 99.031-172.268 309.67-9.535 13.774-29.93 13.773-39.464 0zM192 272c44.183 0 80-35.817 80-80s-35.817-80-80-80-80 35.817-80 80 35.817 80 80 80z\"><\/path><\/svg><\/div><\/span><\/div>\n\n\n\n<div class=\"wp-block-stackable-heading stk-block-heading stk-block-heading--v2 stk-block stk-592ef48\" id=\"adre\" data-block-id=\"592ef48\"><style>.stk-592ef48 {margin-bottom:8px !important;}<\/style><h5 class=\"stk-block-heading__text\">ADRES<\/h5><\/div>\n\n\n\n<p class=\"has-text-align-center\">MU\u011eLA\/M\u0130LAS<\/p>\n<\/div><\/div><\/div>\n\n\n\n<div class=\"wp-block-stackable-column stk-block-column stk-column stk-block stk-92b5a22 stk-block-background\" data-v=\"4\" data-block-id=\"92b5a22\"><style>.stk-92b5a22-container{margin-top:0px !important;margin-right:0px !important;margin-bottom:0px !important;margin-left:0px !important;}.stk-92b5a22 {background-color:var(--theme-palette-color-8, #ffffff) !important;border-radius:12px !important;overflow:hidden !important;box-shadow:0px 20px 80px 0px #6872791a !important;padding-top:35px !important;padding-right:35px !important;padding-bottom:50px !important;padding-left:35px !important;}.stk-92b5a22:before{background-color:var(--theme-palette-color-8, #ffffff) !important;}@media screen and (max-width:999px){.stk-92b5a22 {padding-top:35px !important;padding-right:35px !important;padding-bottom:35px !important;padding-left:35px !important;}}<\/style><div class=\"stk-column-wrapper stk-block-column__content stk-container stk-92b5a22-container stk--no-background stk--no-padding\"><div class=\"has-text-align-center stk-block-content stk-inner-blocks stk-92b5a22-inner-blocks\">\n<div class=\"wp-block-stackable-icon stk-block-icon has-text-align-center stk-block stk-d34828e\" data-block-id=\"d34828e\"><style>.stk-d34828e {margin-bottom:25px !important;}.stk-d34828e .stk--svg-wrapper .stk--inner-svg svg:last-child{height:30px !important;width:30px !important;}.stk-d34828e .stk--svg-wrapper .stk--inner-svg svg:last-child, .stk-d34828e .stk--svg-wrapper .stk--inner-svg svg:last-child :is(g, path, rect, polygon, ellipse){fill:var(--theme-palette-color-2, #f7b500) !important;}<\/style><span class=\"stk--svg-wrapper\"><div class=\"stk--inner-svg\"><svg style=\"height:0;width:0\"><defs><linearGradient id=\"linear-gradient-d34828e\" x1=\"0\" x2=\"100%\" y1=\"0\" y2=\"0\"><stop offset=\"0%\" style=\"stop-opacity:1;stop-color:var(--linear-gradient-d-34828-e-color-1)\"><\/stop><stop offset=\"100%\" style=\"stop-opacity:1;stop-color:var(--linear-gradient-d-34828-e-color-2)\"><\/stop><\/linearGradient><\/defs><\/svg><svg aria-hidden=\"true\" focusable=\"false\" data-prefix=\"fas\" data-icon=\"clock\" class=\"svg-inline--fa fa-clock fa-w-16\" xmlns=\"http:\/\/www.w3.org\/2000\/svg\" viewBox=\"0 0 512 512\" width=\"32\" height=\"32\"><path fill=\"currentColor\" d=\"M256,8C119,8,8,119,8,256S119,504,256,504,504,393,504,256,393,8,256,8Zm92.49,313h0l-20,25a16,16,0,0,1-22.49,2.5h0l-67-49.72a40,40,0,0,1-15-31.23V112a16,16,0,0,1,16-16h32a16,16,0,0,1,16,16V256l58,42.5A16,16,0,0,1,348.49,321Z\"><\/path><\/svg><\/div><\/span><\/div>\n\n\n\n<div class=\"wp-block-stackable-heading stk-block-heading stk-block-heading--v2 stk-block stk-9334345\" id=\"calisma-saatleri\" data-block-id=\"9334345\"><style>.stk-9334345 {margin-bottom:8px !important;}<\/style><h5 class=\"stk-block-heading__text\">\u00c7ALI\u015eMA SAATLER\u0130<\/h5><\/div>\n\n\n\n<p class=\"has-text-align-center\"><strong>Pazartesi-Cumartesi :<\/strong> 09.00 \/ 18.00<br><strong>Pazar :<\/strong> KAPALI<\/p>\n<\/div><\/div><\/div>\n\n\n\n<div class=\"wp-block-stackable-column stk-block-column stk-column stk-block stk-5dedb98 stk-block-background\" data-v=\"4\" data-block-id=\"5dedb98\"><style>.stk-5dedb98-container{margin-top:0px !important;margin-right:0px !important;margin-bottom:0px !important;margin-left:0px !important;}.stk-5dedb98 {background-color:var(--theme-palette-color-8, #ffffff) !important;border-radius:12px !important;overflow:hidden !important;box-shadow:0px 20px 80px 0px #6872791a !important;padding-top:35px !important;padding-right:35px !important;padding-bottom:50px !important;padding-left:35px !important;}.stk-5dedb98:before{background-color:var(--theme-palette-color-8, #ffffff) !important;}@media screen and (max-width:999px){.stk-5dedb98 {padding-top:35px !important;padding-right:35px !important;padding-bottom:35px !important;padding-left:35px !important;}}<\/style><div class=\"stk-column-wrapper stk-block-column__content stk-container stk-5dedb98-container stk--no-background stk--no-padding\"><div class=\"has-text-align-center stk-block-content stk-inner-blocks stk-5dedb98-inner-blocks\">\n<div class=\"wp-block-stackable-icon stk-block-icon has-text-align-center stk-block stk-a02b7b8\" data-block-id=\"a02b7b8\"><style>.stk-a02b7b8 {margin-bottom:25px !important;}.stk-a02b7b8 .stk--svg-wrapper .stk--inner-svg svg:last-child{height:30px !important;width:30px !important;}.stk-a02b7b8 .stk--svg-wrapper .stk--inner-svg svg:last-child, .stk-a02b7b8 .stk--svg-wrapper .stk--inner-svg svg:last-child :is(g, path, rect, polygon, ellipse){fill:var(--theme-palette-color-2, #f7b500) !important;}<\/style><span class=\"stk--svg-wrapper\"><div class=\"stk--inner-svg\"><svg style=\"height:0;width:0\"><defs><linearGradient id=\"linear-gradient-a02b7b8\" x1=\"0\" x2=\"100%\" y1=\"0\" y2=\"0\"><stop offset=\"0%\" style=\"stop-opacity:1;stop-color:var(--linear-gradient-a-02-b-7-b-8-color-1)\"><\/stop><stop offset=\"100%\" style=\"stop-opacity:1;stop-color:var(--linear-gradient-a-02-b-7-b-8-color-2)\"><\/stop><\/linearGradient><\/defs><\/svg><svg aria-hidden=\"true\" focusable=\"false\" data-prefix=\"fas\" data-icon=\"mobile\" class=\"svg-inline--fa fa-mobile fa-w-10\" xmlns=\"http:\/\/www.w3.org\/2000\/svg\" viewBox=\"0 0 320 512\" width=\"32\" height=\"32\"><path fill=\"currentColor\" d=\"M272 0H48C21.5 0 0 21.5 0 48v416c0 26.5 21.5 48 48 48h224c26.5 0 48-21.5 48-48V48c0-26.5-21.5-48-48-48zM160 480c-17.7 0-32-14.3-32-32s14.3-32 32-32 32 14.3 32 32-14.3 32-32 32z\"><\/path><\/svg><\/div><\/span><\/div>\n\n\n\n<div class=\"wp-block-stackable-heading stk-block-heading stk-block-heading--v2 stk-block stk-583731d\" id=\"telefon\" data-block-id=\"583731d\"><style>.stk-583731d {margin-bottom:8px !important;}<\/style><h5 class=\"stk-block-heading__text\">TELEFON <\/h5><\/div>\n\n\n\n<p class=\"has-text-align-center\"><strong>0539 641 42 29<\/strong><\/p>\n<\/div><\/div><\/div>\n<\/div><\/div>\n\n\n\n<div class=\"wp-block-stackable-spacer stk-block-spacer stk--no-padding stk-block stk-8cab498\" data-block-id=\"8cab498\"><style>.stk-8cab498 {height:39px !important;}@media screen and (max-width:999px){.stk-8cab498 {height:80px !important;}}<\/style><\/div>\n\n\n\n<div class=\"wp-block-stackable-map stk-block-map stk-block stk-cfc241b\" data-block-id=\"cfc241b\"><iframe\n\t\t\t\t\t\ttitle=\"Embedded content from Google Maps Platform.\"\n\t\t\t\t\t\tsrc=\"https:\/\/maps.google.com\/maps?q=MU\u011eLA M\u0130LAS&#038;t=&#038;z=12&#038;ie=UTF8&#038;output=embed\"\n\t\t\t\t\t\tstyle=\"border:0;width:100%;max-width:none;max-height:none;height:100%;\"\n\t\t\t\t\t\taria-hidden=\"false\"\n\t\t\t\t\t\ttabIndex=\"0\"\n\t\t\t\t\t\tallowfullscreen\n\t\t\t\t\t\tloading=\"lazy\"\n\t\t\t\t\t\tframeBorder=\"0\"\n\t\t\t\t\t><\/iframe><\/div>\n\n\n\n<div class=\"wp-block-stackable-spacer stk-block-spacer stk--no-padding stk-block stk-6a8268d\" data-block-id=\"6a8268d\"><style>.stk-6a8268d {height:35px !important;}@media screen and (max-width:999px){.stk-6a8268d {height:80px !important;}}<\/style><\/div>\n\n\n\n<div class=\"wp-block-stackable-columns alignfull stk-block-columns stk-block stk-fa06ac5 stk-block-background stk--has-background-overlay\" data-block-id=\"fa06ac5\"><style>.stk-fa06ac5 .stk--block-align-fa06ac5{align-items:center !important;}.stk-fa06ac5 {background-color:#000000 !important;background-image:url(https:\/\/muglatelcit.com\/wp-content\/uploads\/2025\/11\/WhatsApp-Image-2025-10-29-at-23.14.08-4.jpeg) !important;padding-top:150px !important;padding-bottom:150px !important;margin-bottom:0px !important;}.stk-fa06ac5:before{background-color:#000000 !important;opacity:0.8 !important;}.stk-fa06ac5-column{--stk-column-gap:35px !important;}@media screen and (max-width:999px){.stk-fa06ac5 {padding-top:100px !important;padding-bottom:100px !important;}}<\/style><div class=\"stk-row stk-inner-blocks stk--block-align-fa06ac5 stk-block-content stk-content-align stk-fa06ac5-column\">\n<div class=\"wp-block-stackable-column stk-block-column stk-column stk-block stk-fedc1ed\" data-v=\"4\" data-block-id=\"fedc1ed\"><style>.stk-fedc1ed-container{margin-top:0px !important;margin-right:0px !important;margin-bottom:0px !important;margin-left:0px !important;}@media screen and (min-width:690px) and (max-width:999px){.stk-fedc1ed {flex:var(--stk-flex-grow, 1) 1 calc(100% - var(--stk-column-gap, 0px) * 0 \/ 1 ) !important;}}<\/style><div class=\"stk-column-wrapper stk-block-column__content stk-container stk-fedc1ed-container stk--no-background stk--no-padding\"><div class=\"stk-block-content stk-inner-blocks stk-fedc1ed-inner-blocks\">\n<div class=\"wp-block-stackable-divider stk-block-divider stk--hide-mobile has-text-align-left stk-block stk-dcead3d is-style-bar\" data-block-id=\"dcead3d\"><style>.stk-dcead3d hr.stk-block-divider__hr{background:var(--theme-palette-color-1, #ffcd05) !important;border-radius:calc(4px \/ 2) !important;height:4px !important;width:17% !important;}.stk-dcead3d {margin-bottom:15px !important;}<\/style><hr class=\"stk-block-divider__hr\"\/><\/div>\n\n\n\n<div class=\"wp-block-stackable-heading stk-block-heading stk-block-heading--v2 stk-block stk-c386a7c\" id=\"strong-sorulariniz-mi-var-size-bir-telefon-kadar-yakiniz-strong\" data-block-id=\"c386a7c\"><style>.stk-c386a7c {margin-bottom:20px !important;}.stk-c386a7c .stk-block-heading__text{font-size:50px !important;color:var(--theme-palette-color-8, #ffffff) !important;line-height:1.2em !important;}@media screen and (max-width:999px){.stk-c386a7c .stk-block-heading__text{font-size:40px !important;}}<\/style><h2 class=\"stk-block-heading__text has-text-color has-palette-color-8-color has-text-align-center-mobile\"><strong>Sorular\u0131n\u0131z m\u0131 Var? Size Bir Telefon Kadar Yak\u0131n\u0131z!<\/strong><\/h2><\/div>\n\n\n\n<div class=\"wp-block-stackable-text stk-block-text stk-block stk-35e8da2\" data-block-id=\"35e8da2\"><style>.stk-35e8da2 {margin-bottom:40px !important;}.stk-35e8da2 .stk-block-text__text{color:var(--theme-palette-color-5, #edeff2) !important;}<\/style><p class=\"stk-block-text__text has-text-color has-palette-color-5-color has-text-align-center-mobile\">Bah\u00e7e, arazi, villa veya tar\u0131m alan\u0131 i\u00e7in \u00e7it \u00e7\u00f6z\u00fcmlerine ihtiyac\u0131n\u0131z varsa hemen bizimle ileti\u015fime ge\u00e7in. En do\u011fru sistemi birlikte belirleyelim.<\/p><\/div>\n\n\n\n<div class=\"wp-block-stackable-button-group stk-block-button-group stk-block stk-743ddb6\" data-block-id=\"743ddb6\"><div class=\"stk-row stk-inner-blocks has-text-align-center-mobile stk-block-content stk-button-group\">\n<div class=\"wp-block-stackable-button stk-block-button stk-block stk-ad610b2\" data-block-id=\"ad610b2\"><style>.stk-ad610b2 .stk-button{padding-top:12px !important;padding-right:30px !important;padding-bottom:12px !important;padding-left:30px !important;border-top-left-radius:3px !important;border-top-right-radius:3px !important;border-bottom-right-radius:3px !important;border-bottom-left-radius:3px !important;}.stk-ad610b2 .stk-button__inner-text{font-size:1.15em !important;color:var(--theme-palette-color-4, #111518) !important;}@media screen and (max-width:999px){.stk-ad610b2 .stk-button__inner-text{font-size:1.15em !important;}}<\/style><a class=\"stk-link stk-button stk--hover-effect-darken\" href=\"TEL:05396414229\"><span class=\"has-text-color has-palette-color-4-color stk-button__inner-text\">HEMEN ARAYIN<\/span><\/a><\/div>\n<\/div><\/div>\n<\/div><\/div><\/div>\n\n\n\n<div class=\"wp-block-stackable-column stk-block-column stk-column stk-block stk-87db624\" data-v=\"4\" data-block-id=\"87db624\"><style>.stk-87db624-container{margin-top:0px !important;margin-right:0px !important;margin-bottom:0px !important;margin-left:0px !important;}@media screen and (min-width:690px) and (max-width:999px){.stk-87db624 {flex:var(--stk-flex-grow, 1) 1 calc(50% - var(--stk-column-gap, 0px) * 0 \/ 1 ) !important;}}<\/style><div class=\"stk-column-wrapper stk-block-column__content stk-container stk-87db624-container stk--no-background stk--no-padding\"><div class=\"stk-block-content stk-inner-blocks stk-87db624-inner-blocks\"><\/div><\/div><\/div>\n<\/div><\/div>\n","protected":false},"excerpt":{"rendered":"<p>B\u0130ZE HEMEN ULA\u015eIN ADRES MU\u011eLA\/M\u0130LAS \u00c7ALI\u015eMA SAATLER\u0130 Pazartesi-Cumartesi : 09.00 \/ 18.00Pazar : KAPALI TELEFON 0539 641 42 29 Sorular\u0131n\u0131z m\u0131 Var? Size Bir Telefon Kadar Yak\u0131n\u0131z! Bah\u00e7e, arazi, villa veya tar\u0131m alan\u0131 i\u00e7in \u00e7it \u00e7\u00f6z\u00fcmlerine ihtiyac\u0131n\u0131z varsa hemen bizimle ileti\u015fime ge\u00e7in. En do\u011fru sistemi birlikte belirleyelim. HEMEN ARAYIN<\/p>\n","protected":false},"author":1,"featured_media":970,"parent":0,"menu_order":0,"comment_status":"closed","ping_status":"closed","template":"","meta":{"footnotes":""},"class_list":["post-658","page","type-page","status-publish","has-post-thumbnail","hentry"],"blocksy_meta":{"styles_descriptor":{"styles":{"desktop":"","tablet":"","mobile":""},"google_fonts":[],"version":6}},"yoast_head":"<!-- This site is optimized with the Yoast SEO Premium plugin v24.0 (Yoast SEO v24.0) - https:\/\/yoast.com\/wordpress\/plugins\/seo\/ -->\n<title>\u0130LET\u0130\u015e\u0130M - Mu\u011fla Tel \u00c7it<\/title>\n<meta name=\"robots\" content=\"index, follow, max-snippet:-1, max-image-preview:large, max-video-preview:-1\" \/>\n<link rel=\"canonical\" href=\"https:\/\/muglatelcit.com\/index.php\/contact\/\" \/>\n<meta property=\"og:locale\" content=\"tr_TR\" \/>\n<meta property=\"og:type\" content=\"article\" \/>\n<meta property=\"og:title\" content=\"\u0130LET\u0130\u015e\u0130M\" \/>\n<meta property=\"og:description\" content=\"B\u0130ZE HEMEN ULA\u015eIN ADRES MU\u011eLA\/M\u0130LAS \u00c7ALI\u015eMA SAATLER\u0130 Pazartesi-Cumartesi : 09.00 \/ 18.00Pazar : KAPALI TELEFON 0539 641 42 29 Sorular\u0131n\u0131z m\u0131 Var? Size Bir Telefon Kadar Yak\u0131n\u0131z! Bah\u00e7e, arazi, villa veya tar\u0131m alan\u0131 i\u00e7in \u00e7it \u00e7\u00f6z\u00fcmlerine ihtiyac\u0131n\u0131z varsa hemen bizimle ileti\u015fime ge\u00e7in. En do\u011fru sistemi birlikte belirleyelim. HEMEN ARAYIN\" \/>\n<meta property=\"og:url\" content=\"https:\/\/muglatelcit.com\/index.php\/contact\/\" \/>\n<meta property=\"og:site_name\" content=\"Mu\u011fla Tel \u00c7it\" \/>\n<meta property=\"article:modified_time\" content=\"2025-11-08T21:01:32+00:00\" \/>\n<meta property=\"og:image\" content=\"https:\/\/muglatelcit.com\/wp-content\/uploads\/2025\/11\/WhatsApp-Image-2025-10-29-at-23.12.35.jpeg\" \/>\n\t<meta property=\"og:image:width\" content=\"1200\" \/>\n\t<meta property=\"og:image:height\" content=\"1600\" \/>\n\t<meta property=\"og:image:type\" content=\"image\/jpeg\" \/>\n<meta name=\"twitter:card\" content=\"summary_large_image\" \/>\n<script type=\"application\/ld+json\" class=\"yoast-schema-graph\">{\"@context\":\"https:\/\/schema.org\",\"@graph\":[{\"@type\":\"WebPage\",\"@id\":\"https:\/\/muglatelcit.com\/index.php\/contact\/\",\"url\":\"https:\/\/muglatelcit.com\/index.php\/contact\/\",\"name\":\"\u0130LET\u0130\u015e\u0130M - Mu\u011fla Tel \u00c7it\",\"isPartOf\":{\"@id\":\"https:\/\/muglatelcit.com\/#website\"},\"primaryImageOfPage\":{\"@id\":\"https:\/\/muglatelcit.com\/index.php\/contact\/#primaryimage\"},\"image\":{\"@id\":\"https:\/\/muglatelcit.com\/index.php\/contact\/#primaryimage\"},\"thumbnailUrl\":\"https:\/\/muglatelcit.com\/wp-content\/uploads\/2025\/11\/WhatsApp-Image-2025-10-29-at-23.12.35.jpeg\",\"datePublished\":\"2022-02-20T05:44:47+00:00\",\"dateModified\":\"2025-11-08T21:01:32+00:00\",\"breadcrumb\":{\"@id\":\"https:\/\/muglatelcit.com\/index.php\/contact\/#breadcrumb\"},\"inLanguage\":\"tr\",\"potentialAction\":[{\"@type\":\"ReadAction\",\"target\":[\"https:\/\/muglatelcit.com\/index.php\/contact\/\"]}]},{\"@type\":\"ImageObject\",\"inLanguage\":\"tr\",\"@id\":\"https:\/\/muglatelcit.com\/index.php\/contact\/#primaryimage\",\"url\":\"https:\/\/muglatelcit.com\/wp-content\/uploads\/2025\/11\/WhatsApp-Image-2025-10-29-at-23.12.35.jpeg\",\"contentUrl\":\"https:\/\/muglatelcit.com\/wp-content\/uploads\/2025\/11\/WhatsApp-Image-2025-10-29-at-23.12.35.jpeg\",\"width\":1200,\"height\":1600},{\"@type\":\"BreadcrumbList\",\"@id\":\"https:\/\/muglatelcit.com\/index.php\/contact\/#breadcrumb\",\"itemListElement\":[{\"@type\":\"ListItem\",\"position\":1,\"name\":\"Home\",\"item\":\"https:\/\/muglatelcit.com\/\"},{\"@type\":\"ListItem\",\"position\":2,\"name\":\"\u0130LET\u0130\u015e\u0130M\"}]},{\"@type\":\"WebSite\",\"@id\":\"https:\/\/muglatelcit.com\/#website\",\"url\":\"https:\/\/muglatelcit.com\/\",\"name\":\"Mu\u011fla Tel \u00c7it\",\"description\":\"\",\"publisher\":{\"@id\":\"https:\/\/muglatelcit.com\/#organization\"},\"potentialAction\":[{\"@type\":\"SearchAction\",\"target\":{\"@type\":\"EntryPoint\",\"urlTemplate\":\"https:\/\/muglatelcit.com\/?s={search_term_string}\"},\"query-input\":{\"@type\":\"PropertyValueSpecification\",\"valueRequired\":true,\"valueName\":\"search_term_string\"}}],\"inLanguage\":\"tr\"},{\"@type\":\"Organization\",\"@id\":\"https:\/\/muglatelcit.com\/#organization\",\"name\":\"Mu\u011fla Tel \u00c7it\",\"url\":\"https:\/\/muglatelcit.com\/\",\"logo\":{\"@type\":\"ImageObject\",\"inLanguage\":\"tr\",\"@id\":\"https:\/\/muglatelcit.com\/#\/schema\/logo\/image\/\",\"url\":\"https:\/\/muglatelcit.com\/wp-content\/uploads\/2025\/11\/LOGOLAR-79-e1762611828205.png\",\"contentUrl\":\"https:\/\/muglatelcit.com\/wp-content\/uploads\/2025\/11\/LOGOLAR-79-e1762611828205.png\",\"width\":1262,\"height\":390,\"caption\":\"Mu\u011fla Tel \u00c7it\"},\"image\":{\"@id\":\"https:\/\/muglatelcit.com\/#\/schema\/logo\/image\/\"}}]}<\/script>\n<!-- \/ Yoast SEO Premium plugin. -->","yoast_head_json":{"title":"\u0130LET\u0130\u015e\u0130M - Mu\u011fla Tel \u00c7it","robots":{"index":"index","follow":"follow","max-snippet":"max-snippet:-1","max-image-preview":"max-image-preview:large","max-video-preview":"max-video-preview:-1"},"canonical":"https:\/\/muglatelcit.com\/index.php\/contact\/","og_locale":"tr_TR","og_type":"article","og_title":"\u0130LET\u0130\u015e\u0130M","og_description":"B\u0130ZE HEMEN ULA\u015eIN ADRES MU\u011eLA\/M\u0130LAS \u00c7ALI\u015eMA SAATLER\u0130 Pazartesi-Cumartesi : 09.00 \/ 18.00Pazar : KAPALI TELEFON 0539 641 42 29 Sorular\u0131n\u0131z m\u0131 Var? Size Bir Telefon Kadar Yak\u0131n\u0131z! Bah\u00e7e, arazi, villa veya tar\u0131m alan\u0131 i\u00e7in \u00e7it \u00e7\u00f6z\u00fcmlerine ihtiyac\u0131n\u0131z varsa hemen bizimle ileti\u015fime ge\u00e7in. En do\u011fru sistemi birlikte belirleyelim. HEMEN ARAYIN","og_url":"https:\/\/muglatelcit.com\/index.php\/contact\/","og_site_name":"Mu\u011fla Tel \u00c7it","article_modified_time":"2025-11-08T21:01:32+00:00","og_image":[{"width":1200,"height":1600,"url":"https:\/\/muglatelcit.com\/wp-content\/uploads\/2025\/11\/WhatsApp-Image-2025-10-29-at-23.12.35.jpeg","type":"image\/jpeg"}],"twitter_card":"summary_large_image","schema":{"@context":"https:\/\/schema.org","@graph":[{"@type":"WebPage","@id":"https:\/\/muglatelcit.com\/index.php\/contact\/","url":"https:\/\/muglatelcit.com\/index.php\/contact\/","name":"\u0130LET\u0130\u015e\u0130M - Mu\u011fla Tel \u00c7it","isPartOf":{"@id":"https:\/\/muglatelcit.com\/#website"},"primaryImageOfPage":{"@id":"https:\/\/muglatelcit.com\/index.php\/contact\/#primaryimage"},"image":{"@id":"https:\/\/muglatelcit.com\/index.php\/contact\/#primaryimage"},"thumbnailUrl":"https:\/\/muglatelcit.com\/wp-content\/uploads\/2025\/11\/WhatsApp-Image-2025-10-29-at-23.12.35.jpeg","datePublished":"2022-02-20T05:44:47+00:00","dateModified":"2025-11-08T21:01:32+00:00","breadcrumb":{"@id":"https:\/\/muglatelcit.com\/index.php\/contact\/#breadcrumb"},"inLanguage":"tr","potentialAction":[{"@type":"ReadAction","target":["https:\/\/muglatelcit.com\/index.php\/contact\/"]}]},{"@type":"ImageObject","inLanguage":"tr","@id":"https:\/\/muglatelcit.com\/index.php\/contact\/#primaryimage","url":"https:\/\/muglatelcit.com\/wp-content\/uploads\/2025\/11\/WhatsApp-Image-2025-10-29-at-23.12.35.jpeg","contentUrl":"https:\/\/muglatelcit.com\/wp-content\/uploads\/2025\/11\/WhatsApp-Image-2025-10-29-at-23.12.35.jpeg","width":1200,"height":1600},{"@type":"BreadcrumbList","@id":"https:\/\/muglatelcit.com\/index.php\/contact\/#breadcrumb","itemListElement":[{"@type":"ListItem","position":1,"name":"Home","item":"https:\/\/muglatelcit.com\/"},{"@type":"ListItem","position":2,"name":"\u0130LET\u0130\u015e\u0130M"}]},{"@type":"WebSite","@id":"https:\/\/muglatelcit.com\/#website","url":"https:\/\/muglatelcit.com\/","name":"Mu\u011fla Tel \u00c7it","description":"","publisher":{"@id":"https:\/\/muglatelcit.com\/#organization"},"potentialAction":[{"@type":"SearchAction","target":{"@type":"EntryPoint","urlTemplate":"https:\/\/muglatelcit.com\/?s={search_term_string}"},"query-input":{"@type":"PropertyValueSpecification","valueRequired":true,"valueName":"search_term_string"}}],"inLanguage":"tr"},{"@type":"Organization","@id":"https:\/\/muglatelcit.com\/#organization","name":"Mu\u011fla Tel \u00c7it","url":"https:\/\/muglatelcit.com\/","logo":{"@type":"ImageObject","inLanguage":"tr","@id":"https:\/\/muglatelcit.com\/#\/schema\/logo\/image\/","url":"https:\/\/muglatelcit.com\/wp-content\/uploads\/2025\/11\/LOGOLAR-79-e1762611828205.png","contentUrl":"https:\/\/muglatelcit.com\/wp-content\/uploads\/2025\/11\/LOGOLAR-79-e1762611828205.png","width":1262,"height":390,"caption":"Mu\u011fla Tel \u00c7it"},"image":{"@id":"https:\/\/muglatelcit.com\/#\/schema\/logo\/image\/"}}]}},"_links":{"self":[{"href":"https:\/\/muglatelcit.com\/index.php\/wp-json\/wp\/v2\/pages\/658","targetHints":{"allow":["GET"]}}],"collection":[{"href":"https:\/\/muglatelcit.com\/index.php\/wp-json\/wp\/v2\/pages"}],"about":[{"href":"https:\/\/muglatelcit.com\/index.php\/wp-json\/wp\/v2\/types\/page"}],"author":[{"embeddable":true,"href":"https:\/\/muglatelcit.com\/index.php\/wp-json\/wp\/v2\/users\/1"}],"replies":[{"embeddable":true,"href":"https:\/\/muglatelcit.com\/index.php\/wp-json\/wp\/v2\/comments?post=658"}],"version-history":[{"count":3,"href":"https:\/\/muglatelcit.com\/index.php\/wp-json\/wp\/v2\/pages\/658\/revisions"}],"predecessor-version":[{"id":1005,"href":"https:\/\/muglatelcit.com\/index.php\/wp-json\/wp\/v2\/pages\/658\/revisions\/1005"}],"wp:featuredmedia":[{"embeddable":true,"href":"https:\/\/muglatelcit.com\/index.php\/wp-json\/wp\/v2\/media\/970"}],"wp:attachment":[{"href":"https:\/\/muglatelcit.com\/index.php\/wp-json\/wp\/v2\/media?parent=658"}],"curies":[{"name":"wp","href":"https:\/\/api.w.org\/{rel}","templated":true}]}}